{"id":136,"date":"2019-04-02T15:26:55","date_gmt":"2019-04-02T13:26:55","guid":{"rendered":"http:\/\/pracanaroli.pl\/?page_id=136"},"modified":"2022-01-16T16:51:06","modified_gmt":"2022-01-16T15:51:06","slug":"kontakt","status":"publish","type":"page","link":"https:\/\/pracanaroli.pl\/index.php\/kontakt\/","title":{"rendered":"Kontakt"},"content":{"rendered":"\n<p>rolnikindywidualny @ gmail.com <\/p>\n\n\n\n<p><strong>Korespondencj\u0119 w formie tradycyjnej<br>prosimy kierowa\u0107 na adres:<\/strong><\/p>\n\n\n\n<p>Zachodniopomorska Rada Wojew\u00f3dzka <br>NSZZ RI \u201eSolidarno\u015b\u0107\u201d<br>Al. Wojska Polskiego 113<br>70-483 Szczecin<\/p>\n\n\n\n<p><strong>BNP Paribas Bank Polska SA<\/strong><br><strong>57 2030 0045 1110 0000 0273 4770<\/strong><\/p>\n\n\n\n<p><strong>z dopiskiem: <\/strong><br>w przypadku cz\u0142onk\u00f3w zwi\u0105zku: sk\u0142adka (ze wskazaniem okresu op\u0142aty) <br>w przypadku darczy\u0144c\u00f3w: darowizna na cele statutowe<\/p>\n","protected":false},"excerpt":{"rendered":"<p>rolnikindywidualny @ gmail.com Korespondencj\u0119 w formie tradycyjnejprosimy kierowa\u0107 na adres: Zachodniopomorska Rada Wojew\u00f3dzka NSZZ RI \u201eSolidarno\u015b\u0107\u201dAl. Wojska Polskiego 11370-483 Szczecin BNP Paribas Bank Polska SA57&#8230;<\/p>\n","protected":false},"author":2,"featured_media":0,"parent":0,"menu_order":0,"comment_status":"closed","ping_status":"closed","template":"","meta":[],"_links":{"self":[{"href":"https:\/\/pracanaroli.pl\/index.php\/wp-json\/wp\/v2\/pages\/136"}],"collection":[{"href":"https:\/\/pracanaroli.pl\/index.php\/wp-json\/wp\/v2\/pages"}],"about":[{"href":"https:\/\/pracanaroli.pl\/index.php\/wp-json\/wp\/v2\/types\/page"}],"author":[{"embeddable":true,"href":"https:\/\/pracanaroli.pl\/index.php\/wp-json\/wp\/v2\/users\/2"}],"replies":[{"embeddable":true,"href":"https:\/\/pracanaroli.pl\/index.php\/wp-json\/wp\/v2\/comments?post=136"}],"version-history":[{"count":3,"href":"https:\/\/pracanaroli.pl\/index.php\/wp-json\/wp\/v2\/pages\/136\/revisions"}],"predecessor-version":[{"id":1282,"href":"https:\/\/pracanaroli.pl\/index.php\/wp-json\/wp\/v2\/pages\/136\/revisions\/1282"}],"wp:attachment":[{"href":"https:\/\/pracanaroli.pl\/index.php\/wp-json\/wp\/v2\/media?parent=136"}],"curies":[{"name":"wp","href":"https:\/\/api.w.org\/{rel}","templated":true}]}}